{"id":527,"date":"2022-04-06T07:16:24","date_gmt":"2022-04-06T07:16:24","guid":{"rendered":"https:\/\/sparkles.io\/?page_id=527"},"modified":"2025-11-09T21:04:16","modified_gmt":"2025-11-09T21:04:16","slug":"nieuws","status":"publish","type":"page","link":"https:\/\/sparkles.io\/nieuws","title":{"rendered":"Nieuws"},"content":{"rendered":"\t\t<div data-elementor-type=\"wp-page\" data-elementor-id=\"527\" class=\"elementor elementor-527\" data-elementor-post-type=\"page\">\n\t\t\t\t<div class=\"has_eae_slider elementor-element elementor-element-524321b container-cards curved-header-2 e-flex e-con-boxed e-con e-parent\" data-eae-slider=\"40403\" data-id=\"524321b\" data-element_type=\"container\" data-e-type=\"container\" data-settings=\"{&quot;background_background&quot;:&quot;classic&quot;}\">\n\t\t\t\t\t<div class=\"e-con-inner\">\n\t\t<div class=\"has_eae_slider elementor-element elementor-element-9a04827 e-con-full e-flex e-con e-child\" data-eae-slider=\"43936\" data-id=\"9a04827\" data-element_type=\"container\" data-e-type=\"container\">\n\t\t<div class=\"has_eae_slider elementor-element elementor-element-431dd71 e-con-full e-flex e-con e-child\" data-eae-slider=\"44890\" data-id=\"431dd71\" data-element_type=\"container\" data-e-type=\"container\">\n\t\t\t\t<div class=\"elementor-element elementor-element-785b3d4 elementor-widget elementor-widget-button\" data-id=\"785b3d4\" data-element_type=\"widget\" data-e-type=\"widget\" data-widget_type=\"button.default\">\n\t\t\t\t<div class=\"elementor-widget-container\">\n\t\t\t\t\t\t\t\t\t<div class=\"elementor-button-wrapper\">\n\t\t\t\t\t<a class=\"elementor-button elementor-size-sm\" role=\"button\">\n\t\t\t\t\t\t<span class=\"elementor-button-content-wrapper\">\n\t\t\t\t\t\t\t\t\t<span class=\"elementor-button-text\">Nieuws<\/span>\n\t\t\t\t\t<\/span>\n\t\t\t\t\t<\/a>\n\t\t\t\t<\/div>\n\t\t\t\t\t\t\t\t<\/div>\n\t\t\t\t<\/div>\n\t\t\t\t<div class=\"elementor-element elementor-element-017dbe7 elementor-widget elementor-widget-heading\" data-id=\"017dbe7\" data-element_type=\"widget\" data-e-type=\"widget\" data-widget_type=\"heading.default\">\n\t\t\t\t<div class=\"elementor-widget-container\">\n\t\t\t\t\t<h1 class=\"elementor-heading-title elementor-size-default\">Het laatste nieuws in en rondom Sparkles<\/h1>\t\t\t\t<\/div>\n\t\t\t\t<\/div>\n\t\t\t\t<\/div>\n\t\t\t\t<\/div>\n\t\t\t\t\t<\/div>\n\t\t\t\t<\/div>\n\t\t<div class=\"has_eae_slider elementor-element elementor-element-847d05a curved-header-4 e-flex e-con-boxed e-con e-parent\" data-eae-slider=\"93044\" data-id=\"847d05a\" data-element_type=\"container\" data-e-type=\"container\" data-settings=\"{&quot;background_background&quot;:&quot;classic&quot;}\">\n\t\t\t\t\t<div class=\"e-con-inner\">\n\t\t<div class=\"has_eae_slider elementor-element elementor-element-c3167e3 e-con-full e-flex e-con e-child\" data-eae-slider=\"307\" data-id=\"c3167e3\" data-element_type=\"container\" data-e-type=\"container\">\n\t\t\t\t<div class=\"elementor-element elementor-element-e82a8ab elementor-widget elementor-widget-ucaddon_post_list\" data-id=\"e82a8ab\" data-element_type=\"widget\" data-e-type=\"widget\" data-widget_type=\"ucaddon_post_list.default\">\n\t\t\t\t<div class=\"elementor-widget-container\">\n\t\t\t\t\t\n<!-- start Post List -->\n\t\t<link id='font-awesome-css' href='https:\/\/sparkles.io\/wp-content\/plugins\/unlimited-elements-for-elementor\/assets_libraries\/font-awesome6\/fontawesome-all.min.css' type='text\/css' rel='stylesheet' >\n\t\t<link id='font-awesome-4-shim-css' href='https:\/\/sparkles.io\/wp-content\/plugins\/unlimited-elements-for-elementor\/assets_libraries\/font-awesome6\/fontawesome-v4-shims.min.css' type='text\/css' rel='stylesheet' >\n\n<style>\/* widget: Post List *\/\n\n#uc_post_list_elementor_e82a8ab\n{\n  display:grid;\n}\n\n\n#uc_post_list_elementor_e82a8ab .uc_post_list_image div\n{\n  background-size:cover;\n  background-position:center;\n}\n\n\n.uc_post_list .uc_post_list_box{\n\tposition: relative;\n\toverflow: hidden;\n\tdisplay: flex;\n}\n\n#uc_post_list_elementor_e82a8ab .uc_post_list_image\n{\n  flex-grow:0;\n  flex-shrink:0;\n}\n\n#uc_post_list_elementor_e82a8ab .uc_post_list_image img\n{\n  width:100%;\n  display:block;\n  transition:0.3s;\n  \n}\n\n\n.uc_post_list_title a{\n\tcolor: #333333;\n    font-size: 16px;\n}\n.uc_post_list_date{\n\tfont-size: 12px;\n}\n\n#uc_post_list_elementor_e82a8ab .uc_post_list_content\n{\n  display:flex;\n  flex-direction:column;\n  flex:1;\n}\n\n#uc_post_list_elementor_e82a8ab .uc_more_btn{\n\n  text-align:center;\n  text-decoration:none;\n  transition:0.3s;\n}\n\n#uc_post_list_elementor_e82a8ab .button-on-side\n{\n  display:flex;\n  align-items:center;\n}\n\n\n.ue-grid-item-category a\n{\n  display:inline-block;\n  font-size:10px;\n  text-transform:uppercase;\n}\n\n#uc_post_list_elementor_e82a8ab .ue-meta-data\n{\n  \n  display:flex;\n\n  flex-wrap: wrap;\n  line-height:1em;\n}\n\n#uc_post_list_elementor_e82a8ab .ue-grid-item-meta-data\n{\n      display:inline-flex;\n      align-items:center;\n}\n\n.ue-grid-item-meta-data\n{\n  font-size:12px;\n}\n\n#uc_post_list_elementor_e82a8ab .ue-grid-item-meta-data-icon\n{\n  line-height:1em;\n}\n\n#uc_post_list_elementor_e82a8ab .ue-grid-item-meta-data-icon svg\n{\n  width:1em;\n  height:1em;\n}\n\n\n\n#uc_post_list_elementor_e82a8ab .ue-debug-meta\n{\n  padding:10px;\n  border:1px solid red;\n  position:relative;\n  line-height:1.5em;\n  font-size:11px;\n  width:100%;\n}\n\n<\/style>\n\n<div class=\"uc_post_list uc-items-wrapper\" id=\"uc_post_list_elementor_e82a8ab\" >    \t\n  \n<\/div>\n\n\n<!-- end Post List -->\t\t\t\t<\/div>\n\t\t\t\t<\/div>\n\t\t\t\t<\/div>\n\t\t\t\t\t<\/div>\n\t\t\t\t<\/div>\n\t\t\t\t<\/div>\n\t\t","protected":false},"excerpt":{"rendered":"<p>Nieuws Het laatste nieuws in en rondom Sparkles Nieuws Een avontuur van zere benen en grote glimlachen 20 juni, 2024 Nieuws Sparkles in beeld: Twinkle 04 juni, 2024 Nieuws Roparun In 2019 m\u00e9t hem, nu v\u00f3\u00f3r hem &#8211; Roparun 2024 29 april, 2024 Nieuws Sparkles zet zich in voor NLDoet! 18 maart, 2024 Nieuws Sparkles [&hellip;]<\/p>\n","protected":false},"author":1,"featured_media":0,"parent":0,"menu_order":0,"comment_status":"closed","ping_status":"closed","template":"elementor_header_footer","meta":{"inline_featured_image":false,"footnotes":""},"class_list":["post-527","page","type-page","status-publish","hentry"],"yoast_head":"<!-- This site is optimized with the Yoast SEO plugin v27.1.1 - https:\/\/yoast.com\/product\/yoast-seo-wordpress\/ -->\n<title>Nieuws - Sparkles<\/title>\n<meta name=\"description\" content=\"Lees de laatste nieuwsberichten en updates omtrent Sparkles.\" \/>\n<meta name=\"robots\" content=\"index, follow, max-snippet:-1, max-image-preview:large, max-video-preview:-1\" \/>\n<link rel=\"canonical\" href=\"https:\/\/sparkles.io\/de\/nieuws\" \/>\n<meta property=\"og:locale\" content=\"de_DE\" \/>\n<meta property=\"og:type\" content=\"article\" \/>\n<meta property=\"og:title\" content=\"Nieuws - Sparkles\" \/>\n<meta property=\"og:description\" content=\"Lees de laatste nieuwsberichten en updates omtrent Sparkles.\" \/>\n<meta property=\"og:url\" content=\"https:\/\/sparkles.io\/nieuws\" \/>\n<meta property=\"og:site_name\" content=\"Sparkles\" \/>\n<meta property=\"article:modified_time\" content=\"2025-11-09T21:04:16+00:00\" \/>\n<meta property=\"og:image\" content=\"https:\/\/sparkles.io\/wp-content\/uploads\/2024\/06\/WhatsApp-Image-2024-05-20-at-20.47.37-1024x768.jpeg\" \/>\n<meta name=\"twitter:card\" content=\"summary_large_image\" \/>\n<meta name=\"twitter:label1\" content=\"Gesch\u00e4tzte Lesezeit\" \/>\n\t<meta name=\"twitter:data1\" content=\"4\u00a0Minuten\" \/>\n<script type=\"application\/ld+json\" class=\"yoast-schema-graph\">{\"@context\":\"https:\/\/schema.org\",\"@graph\":[{\"@type\":\"WebPage\",\"@id\":\"https:\/\/sparkles.io\/nieuws\",\"url\":\"https:\/\/sparkles.io\/nieuws\",\"name\":\"Nieuws - Sparkles\",\"isPartOf\":{\"@id\":\"https:\/\/sparkles.io\/de#website\"},\"primaryImageOfPage\":{\"@id\":\"https:\/\/sparkles.io\/nieuws#primaryimage\"},\"image\":{\"@id\":\"https:\/\/sparkles.io\/nieuws#primaryimage\"},\"thumbnailUrl\":\"https:\/\/sparkles.io\/wp-content\/uploads\/2024\/06\/WhatsApp-Image-2024-05-20-at-20.47.37-1024x768.jpeg\",\"datePublished\":\"2022-04-06T07:16:24+00:00\",\"dateModified\":\"2025-11-09T21:04:16+00:00\",\"description\":\"Lees de laatste nieuwsberichten en updates omtrent Sparkles.\",\"breadcrumb\":{\"@id\":\"https:\/\/sparkles.io\/nieuws#breadcrumb\"},\"inLanguage\":\"de\",\"potentialAction\":[{\"@type\":\"ReadAction\",\"target\":[\"https:\/\/sparkles.io\/nieuws\"]}]},{\"@type\":\"ImageObject\",\"inLanguage\":\"de\",\"@id\":\"https:\/\/sparkles.io\/nieuws#primaryimage\",\"url\":\"https:\/\/sparkles.io\/wp-content\/uploads\/2024\/06\/WhatsApp-Image-2024-05-20-at-20.47.37-1024x768.jpeg\",\"contentUrl\":\"https:\/\/sparkles.io\/wp-content\/uploads\/2024\/06\/WhatsApp-Image-2024-05-20-at-20.47.37-1024x768.jpeg\"},{\"@type\":\"BreadcrumbList\",\"@id\":\"https:\/\/sparkles.io\/nieuws#breadcrumb\",\"itemListElement\":[{\"@type\":\"ListItem\",\"position\":1,\"name\":\"Home\",\"item\":\"https:\/\/sparkles.io\/de\/home\"},{\"@type\":\"ListItem\",\"position\":2,\"name\":\"Nieuws\"}]},{\"@type\":\"WebSite\",\"@id\":\"https:\/\/sparkles.io\/de#website\",\"url\":\"https:\/\/sparkles.io\/de\",\"name\":\"Sparkles\",\"description\":\"Driven by Talent\",\"publisher\":{\"@id\":\"https:\/\/sparkles.io\/de#organization\"},\"potentialAction\":[{\"@type\":\"SearchAction\",\"target\":{\"@type\":\"EntryPoint\",\"urlTemplate\":\"https:\/\/sparkles.io\/de?s={search_term_string}\"},\"query-input\":{\"@type\":\"PropertyValueSpecification\",\"valueRequired\":true,\"valueName\":\"search_term_string\"}}],\"inLanguage\":\"de\"},{\"@type\":\"Organization\",\"@id\":\"https:\/\/sparkles.io\/de#organization\",\"name\":\"Sparkles BV\",\"url\":\"https:\/\/sparkles.io\/de\",\"logo\":{\"@type\":\"ImageObject\",\"inLanguage\":\"de\",\"@id\":\"https:\/\/sparkles.io\/de#\/schema\/logo\/image\/\",\"url\":\"https:\/\/sparkles.io\/wp-content\/uploads\/2022\/04\/logo_sparkles_HC.png\",\"contentUrl\":\"https:\/\/sparkles.io\/wp-content\/uploads\/2022\/04\/logo_sparkles_HC.png\",\"width\":558,\"height\":182,\"caption\":\"Sparkles BV\"},\"image\":{\"@id\":\"https:\/\/sparkles.io\/de#\/schema\/logo\/image\/\"}}]}<\/script>\n<!-- \/ Yoast SEO plugin. -->","yoast_head_json":{"title":"Nieuws - Sparkles","description":"Lees de laatste nieuwsberichten en updates omtrent Sparkles.","robots":{"index":"index","follow":"follow","max-snippet":"max-snippet:-1","max-image-preview":"max-image-preview:large","max-video-preview":"max-video-preview:-1"},"canonical":"https:\/\/sparkles.io\/de\/nieuws","og_locale":"de_DE","og_type":"article","og_title":"Nieuws - Sparkles","og_description":"Lees de laatste nieuwsberichten en updates omtrent Sparkles.","og_url":"https:\/\/sparkles.io\/nieuws","og_site_name":"Sparkles","article_modified_time":"2025-11-09T21:04:16+00:00","og_image":[{"url":"https:\/\/sparkles.io\/wp-content\/uploads\/2024\/06\/WhatsApp-Image-2024-05-20-at-20.47.37-1024x768.jpeg","type":"","width":"","height":""}],"twitter_card":"summary_large_image","twitter_misc":{"Gesch\u00e4tzte Lesezeit":"4\u00a0Minuten"},"schema":{"@context":"https:\/\/schema.org","@graph":[{"@type":"WebPage","@id":"https:\/\/sparkles.io\/nieuws","url":"https:\/\/sparkles.io\/nieuws","name":"Nieuws - Sparkles","isPartOf":{"@id":"https:\/\/sparkles.io\/de#website"},"primaryImageOfPage":{"@id":"https:\/\/sparkles.io\/nieuws#primaryimage"},"image":{"@id":"https:\/\/sparkles.io\/nieuws#primaryimage"},"thumbnailUrl":"https:\/\/sparkles.io\/wp-content\/uploads\/2024\/06\/WhatsApp-Image-2024-05-20-at-20.47.37-1024x768.jpeg","datePublished":"2022-04-06T07:16:24+00:00","dateModified":"2025-11-09T21:04:16+00:00","description":"Lees de laatste nieuwsberichten en updates omtrent Sparkles.","breadcrumb":{"@id":"https:\/\/sparkles.io\/nieuws#breadcrumb"},"inLanguage":"de","potentialAction":[{"@type":"ReadAction","target":["https:\/\/sparkles.io\/nieuws"]}]},{"@type":"ImageObject","inLanguage":"de","@id":"https:\/\/sparkles.io\/nieuws#primaryimage","url":"https:\/\/sparkles.io\/wp-content\/uploads\/2024\/06\/WhatsApp-Image-2024-05-20-at-20.47.37-1024x768.jpeg","contentUrl":"https:\/\/sparkles.io\/wp-content\/uploads\/2024\/06\/WhatsApp-Image-2024-05-20-at-20.47.37-1024x768.jpeg"},{"@type":"BreadcrumbList","@id":"https:\/\/sparkles.io\/nieuws#breadcrumb","itemListElement":[{"@type":"ListItem","position":1,"name":"Home","item":"https:\/\/sparkles.io\/de\/home"},{"@type":"ListItem","position":2,"name":"Nieuws"}]},{"@type":"WebSite","@id":"https:\/\/sparkles.io\/de#website","url":"https:\/\/sparkles.io\/de","name":"Sparkles","description":"Driven by Talent","publisher":{"@id":"https:\/\/sparkles.io\/de#organization"},"potentialAction":[{"@type":"SearchAction","target":{"@type":"EntryPoint","urlTemplate":"https:\/\/sparkles.io\/de?s={search_term_string}"},"query-input":{"@type":"PropertyValueSpecification","valueRequired":true,"valueName":"search_term_string"}}],"inLanguage":"de"},{"@type":"Organization","@id":"https:\/\/sparkles.io\/de#organization","name":"Sparkles BV","url":"https:\/\/sparkles.io\/de","logo":{"@type":"ImageObject","inLanguage":"de","@id":"https:\/\/sparkles.io\/de#\/schema\/logo\/image\/","url":"https:\/\/sparkles.io\/wp-content\/uploads\/2022\/04\/logo_sparkles_HC.png","contentUrl":"https:\/\/sparkles.io\/wp-content\/uploads\/2022\/04\/logo_sparkles_HC.png","width":558,"height":182,"caption":"Sparkles BV"},"image":{"@id":"https:\/\/sparkles.io\/de#\/schema\/logo\/image\/"}}]}},"_links":{"self":[{"href":"https:\/\/sparkles.io\/de\/wp-json\/wp\/v2\/pages\/527","targetHints":{"allow":["GET"]}}],"collection":[{"href":"https:\/\/sparkles.io\/de\/wp-json\/wp\/v2\/pages"}],"about":[{"href":"https:\/\/sparkles.io\/de\/wp-json\/wp\/v2\/types\/page"}],"author":[{"embeddable":true,"href":"https:\/\/sparkles.io\/de\/wp-json\/wp\/v2\/users\/1"}],"replies":[{"embeddable":true,"href":"https:\/\/sparkles.io\/de\/wp-json\/wp\/v2\/comments?post=527"}],"version-history":[{"count":152,"href":"https:\/\/sparkles.io\/de\/wp-json\/wp\/v2\/pages\/527\/revisions"}],"predecessor-version":[{"id":7677,"href":"https:\/\/sparkles.io\/de\/wp-json\/wp\/v2\/pages\/527\/revisions\/7677"}],"wp:attachment":[{"href":"https:\/\/sparkles.io\/de\/wp-json\/wp\/v2\/media?parent=527"}],"curies":[{"name":"wp","href":"https:\/\/api.w.org\/{rel}","templated":true}]}}